{"id":520,"date":"2021-09-17T13:46:47","date_gmt":"2021-09-17T13:46:47","guid":{"rendered":"https:\/\/ipa-aip.org\/?page_id=520"},"modified":"2021-09-17T13:46:48","modified_gmt":"2021-09-17T13:46:48","slug":"politica-de-privacidad","status":"publish","type":"page","link":"https:\/\/ipa-aip.org\/es\/politica-de-privacidad\/","title":{"rendered":"Pol\u00edtica de privacidad"},"content":{"rendered":"\n<h3 class=\"wp-block-heading\"><strong>Recogida de datos personales al visitar nuestro sitio web<\/strong><\/h3>\n\n\n\n<p>Al utilizar el sitio web con fines exclusivamente informativos, s\u00f3lo recogemos los datos personales que su navegador transmite a nuestro servidor. Si desea ver nuestro sitio web, recogemos los siguientes datos, que son t\u00e9cnicamente necesarios para que podamos mostrar nuestro sitio web y para garantizar la estabilidad y la seguridad:<\/p>\n\n\n\n<ul class=\"wp-block-list\"><li>Direcci\u00f3n IP Fecha y hora de la solicitud<\/li><li>Diferencia de huso horario con respecto al meridiano de Greenwich (GMT)<\/li><li>Contenido de la solicitud (p\u00e1gina concreta)<\/li><li>Estado de acceso\/C\u00f3digo de estado HTTP<\/li><li>Cantidad de datos transferidos en cada caso<\/li><li>Sitio web del que procede la solicitud<\/li><li>Navegador<\/li><li>Sistema operativo y su interfaz<\/li><li>Idioma y versi\u00f3n del software del navegador<\/li><\/ul>\n\n\n\n<p>Los datos mencionados (los llamados archivos de registro) se almacenan durante un m\u00e1ximo de 7 d\u00edas por razones de seguridad y para identificar fallos. A continuaci\u00f3n, los archivos de registro se eliminan. No obstante, si el almacenamiento de esta informaci\u00f3n es necesario con fines probatorios (por ejemplo, en el contexto del esclarecimiento de un uso indebido o de actos fraudulentos), no se eliminar\u00e1n hasta que se haya aclarado definitivamente el incidente correspondiente.<\/p>\n\n\n\n<h3 class=\"wp-block-heading\"><strong>Formulario de contacto y otras solicitudes de contacto<\/strong><\/h3>\n\n\n\n<p>Si se pone en contacto con nosotros a trav\u00e9s del formulario de contacto o del correo electr\u00f3nico, los datos que nos proporcione se utilizar\u00e1n para procesar su solicitud. El suministro de los datos es necesario para procesar y responder a su consulta &#8211; sin el suministro de estos datos, no podemos responder a su consulta o solo podemos hacerlo de forma limitada.<\/p>\n\n\n\n<h3 class=\"wp-block-heading\"><strong>Cookies<\/strong><\/h3>\n\n\n\n<p>Las cookies son peque\u00f1os archivos de texto que se colocan en su m\u00e1quina para ayudar al sitio a proporcionar una mejor experiencia de usuario. En general, las cookies se utilizan para conservar las preferencias del usuario, almacenar informaci\u00f3n para cosas como los carros de la compra y proporcionar datos de seguimiento an\u00f3nimos a aplicaciones de terceros como Google Analytics, que utilizamos para recopilar datos estad\u00edsticos sobre el n\u00famero de seguidores de nuestra organizaci\u00f3n.<\/p>\n\n\n\n<p>Utilizamos dos tipos diferentes de cookies en nuestro sitio:<\/p>\n\n\n\n<ol class=\"wp-block-list\"><li>Obligatorio. Cookies que no contienen ninguna identificaci\u00f3n personal&nbsp;<\/li><li>Opcional. Algunas cookies son necesarias para permitir que nuestros sitios web funcionen correctamente, mejorar el rendimiento y proporcionar seguridad a nuestros sitios. Sin la instalaci\u00f3n de estas cookies, nuestros sitios podr\u00edan no funcionar en absoluto o tener un rendimiento muy pobre. Por lo tanto, estas cookies se instalan autom\u00e1ticamente en su ordenador. <strong>No podemos desactivar estas cookies, ya que proporcionan la funcionalidad b\u00e1sica del sitio y la seguridad. Si lo hace, no podr\u00e1 acceder a nuestro servicio.<\/strong> Utilizamos:<\/li><\/ol>\n\n\n\n<ul class=\"wp-block-list\"><li><strong>__cfuid <\/strong>&#8211; De <a href=\"https:\/\/www.cloudflare.com\/\">Cloudflare<br><\/a>Cloudflare acelera y protege millones de sitios web, APIs, servicios SaaS y otras propiedades conectadas a Internet. La cookie __cfduid de Cloudflare se utiliza con dos fines<ul><li>Para acelerar los tiempos de carga de las p\u00e1ginas<\/li><li>Para aplicar la configuraci\u00f3n de seguridad por cliente. No corresponde a ninguna identificaci\u00f3n de usuario en su aplicaci\u00f3n web, y no almacena ninguna informaci\u00f3n de identificaci\u00f3n personal.<\/li><\/ul><\/li><\/ul>\n\n\n\n<h3 class=\"wp-block-heading\"><strong>Herramienta de an\u00e1lisis Matomo&nbsp;<\/strong><\/h3>\n\n\n\n<p><strong>Alcance y descripci\u00f3n del tratamiento de datos personales<\/strong><\/p>\n\n\n\n<p>Este sitio web utiliza el servicio de an\u00e1lisis web de c\u00f3digo abierto Matomo de InnoCraft Ltd.<\/p>\n\n\n\n<p>Matomo utiliza las llamadas \u00abcookies\u00bb. Se trata de archivos de texto que se almacenan en su ordenador y que permiten analizar el uso que usted hace del sitio web. Est\u00e1n configurados de tal manera que no se recogen ni almacenan datos personales. Para ello, la informaci\u00f3n generada por la cookie sobre el uso de este sitio web se almacena en nuestro servidor. La informaci\u00f3n recogida de este modo se almacena exclusivamente en nuestro servidor, concretamente los siguientes datos:<\/p>\n\n\n\n<ul class=\"wp-block-list\"><li>dos bytes de la direcci\u00f3n IP del sistema de llamada del usuario<\/li><li>la p\u00e1gina web llamada<\/li><li>el sitio web desde el que el usuario accedi\u00f3 al sitio web consultado (referrer)<\/li><li>las subp\u00e1ginas que se llaman desde la p\u00e1gina web llamada<\/li><li>el tiempo de permanencia en el sitio web<\/li><li>la frecuencia con la que se accede al sitio web<\/li><\/ul>\n\n\n\n<p>La direcci\u00f3n IP se anonimiza antes de ser guardada. Esto significa que se excluye una referencia personal directa. El software est\u00e1 configurado de tal manera que las direcciones IP no se almacenan completamente, sino que se enmascaran 2 bytes de la direcci\u00f3n IP (por ejemplo, 182.148.xxx.xxx). De este modo, ya no es posible asignar la direcci\u00f3n IP acortada al ordenador que llama. La direcci\u00f3n IP transmitida por su navegador a trav\u00e9s de Matomo no se fusiona con otros datos recogidos por nosotros.<\/p>\n\n\n\n<p><strong>Fines del tratamiento de datos<\/strong><\/p>\n\n\n\n<p>Los operadores del sitio web* tienen un inter\u00e9s leg\u00edtimo en el an\u00e1lisis an\u00f3nimo del comportamiento de los usuarios para optimizar tanto su sitio web como su publicidad. Mediante la evaluaci\u00f3n estad\u00edstica del comportamiento de los usuarios, mejoramos nuestra oferta y la hacemos m\u00e1s interesante para los visitantes.<\/p>\n\n\n\n<p><strong>Duraci\u00f3n del almacenamiento<\/strong><\/p>\n\n\n\n<p>Los datos del tratamiento aqu\u00ed descrito se eliminan autom\u00e1ticamente tras un periodo de almacenamiento de 180 d\u00edas.<\/p>\n\n\n\n<p><strong>Posibilidad de objeci\u00f3n y retirada<\/strong><\/p>\n\n\n\n<p>La informaci\u00f3n generada por la cookie sobre el uso de este sitio web no se transmite a terceros. Puede rechazar el uso de estas cookies opcionales seleccionando la configuraci\u00f3n adecuada en su navegador; sin embargo, tenga en cuenta que si lo hace es posible que no pueda utilizar la funcionalidad completa de este sitio web.<\/p>\n\n\n\n<p>Si no est\u00e1 de acuerdo con el almacenamiento y el uso de sus datos, puede desactivar el almacenamiento y el uso aqu\u00ed. En este caso, se almacenar\u00e1 una cookie de exclusi\u00f3n voluntaria en su navegador, que impide que Matomo almacene datos de uso. Si borra sus cookies, la Opt-Out-Cookie de Matomo se borrar\u00e1 tambi\u00e9n. La Opt-Out deber\u00e1 ser reactivada cuando vuelva a visitar este sitio web.<\/p>\n\n\n\n<p>Para m\u00e1s informaci\u00f3n sobre la protecci\u00f3n de datos, consulte la pol\u00edtica de privacidad de Matomo: <a href=\"https:\/\/matomo.org\/privacy-policy\/\">matomo.org\/privacy-policy\/<\/a>.<\/p>\n","protected":false},"excerpt":{"rendered":"<p>Recogida de datos personales al visitar nuestro sitio web Al utilizar el sitio web con fines exclusivamente informativos, s\u00f3lo recogemos los datos personales que su navegador transmite a nuestro servidor. Si desea ver nuestro sitio web, recogemos los siguientes datos, que son t\u00e9cnicamente necesarios para que podamos mostrar nuestro sitio web y para garantizar la estabilidad y la seguridad: Direcci\u00f3n IP Fecha y hora de la solicitud Diferencia de huso horario con respecto al meridiano de Greenwich (GMT) Contenido de la solicitud (p\u00e1gina concreta) Estado de acceso\/C\u00f3digo de estado HTTP Cantidad de datos transferidos en cada caso Sitio web del &#8230; <a title=\"Pol\u00edtica de privacidad\" class=\"read-more\" href=\"https:\/\/ipa-aip.org\/es\/politica-de-privacidad\/\" aria-label=\"M\u00e1s en Pol\u00edtica de privacidad\">Leer m\u00e1s<\/a><\/p>\n","protected":false},"author":2,"featured_media":0,"parent":0,"menu_order":0,"comment_status":"closed","ping_status":"closed","template":"","meta":{"inline_featured_image":false,"footnotes":""},"class_list":["post-520","page","type-page","status-publish"],"yoast_head":"<!-- This site is optimized with the Yoast SEO plugin v26.7 - https:\/\/yoast.com\/wordpress\/plugins\/seo\/ -->\n<title>Pol\u00edtica de privacidad - AIP<\/title>\n<meta name=\"robots\" content=\"index, follow, max-snippet:-1, max-image-preview:large, max-video-preview:-1\" \/>\n<link rel=\"canonical\" href=\"https:\/\/ipa-aip.org\/es\/politica-de-privacidad\/\" \/>\n<meta property=\"og:locale\" content=\"es_ES\" \/>\n<meta property=\"og:type\" content=\"article\" \/>\n<meta property=\"og:title\" content=\"Pol\u00edtica de privacidad - AIP\" \/>\n<meta property=\"og:description\" content=\"Recogida de datos personales al visitar nuestro sitio web Al utilizar el sitio web con fines exclusivamente informativos, s\u00f3lo recogemos los datos personales que su navegador transmite a nuestro servidor. Si desea ver nuestro sitio web, recogemos los siguientes datos, que son t\u00e9cnicamente necesarios para que podamos mostrar nuestro sitio web y para garantizar la estabilidad y la seguridad: Direcci\u00f3n IP Fecha y hora de la solicitud Diferencia de huso horario con respecto al meridiano de Greenwich (GMT) Contenido de la solicitud (p\u00e1gina concreta) Estado de acceso\/C\u00f3digo de estado HTTP Cantidad de datos transferidos en cada caso Sitio web del ... Leer m\u00e1s\" \/>\n<meta property=\"og:url\" content=\"https:\/\/ipa-aip.org\/es\/politica-de-privacidad\/\" \/>\n<meta property=\"og:site_name\" content=\"AIP\" \/>\n<meta property=\"article:publisher\" content=\"https:\/\/www.facebook.com\/internationalpeoplesassembly\/\" \/>\n<meta property=\"article:modified_time\" content=\"2021-09-17T13:46:48+00:00\" \/>\n<meta property=\"og:image\" content=\"https:\/\/ipa-aip.org\/wp-content\/uploads\/20210930-Todos-small.jpg\" \/>\n\t<meta property=\"og:image:width\" content=\"1200\" \/>\n\t<meta property=\"og:image:height\" content=\"630\" \/>\n\t<meta property=\"og:image:type\" content=\"image\/jpeg\" \/>\n<meta name=\"twitter:card\" content=\"summary_large_image\" \/>\n<meta name=\"twitter:site\" content=\"@peoplesassembl_\" \/>\n<meta name=\"twitter:label1\" content=\"Tiempo de lectura\" \/>\n\t<meta name=\"twitter:data1\" content=\"5 minutos\" \/>\n<script type=\"application\/ld+json\" class=\"yoast-schema-graph\">{\"@context\":\"https:\/\/schema.org\",\"@graph\":[{\"@type\":\"WebPage\",\"@id\":\"https:\/\/ipa-aip.org\/es\/politica-de-privacidad\/\",\"url\":\"https:\/\/ipa-aip.org\/es\/politica-de-privacidad\/\",\"name\":\"Pol\u00edtica de privacidad - AIP\",\"isPartOf\":{\"@id\":\"https:\/\/staging.ipa-aip.org\/es\/#website\"},\"datePublished\":\"2021-09-17T13:46:47+00:00\",\"dateModified\":\"2021-09-17T13:46:48+00:00\",\"breadcrumb\":{\"@id\":\"https:\/\/ipa-aip.org\/es\/politica-de-privacidad\/#breadcrumb\"},\"inLanguage\":\"es\",\"potentialAction\":[{\"@type\":\"ReadAction\",\"target\":[\"https:\/\/ipa-aip.org\/es\/politica-de-privacidad\/\"]}]},{\"@type\":\"BreadcrumbList\",\"@id\":\"https:\/\/ipa-aip.org\/es\/politica-de-privacidad\/#breadcrumb\",\"itemListElement\":[{\"@type\":\"ListItem\",\"position\":1,\"name\":\"Home\",\"item\":\"https:\/\/ipa-aip.org\/es\/\"},{\"@type\":\"ListItem\",\"position\":2,\"name\":\"Pol\u00edtica de privacidad\"}]},{\"@type\":\"WebSite\",\"@id\":\"https:\/\/staging.ipa-aip.org\/es\/#website\",\"url\":\"https:\/\/staging.ipa-aip.org\/es\/\",\"name\":\"IPA\",\"description\":\"Internacionalismo de los Pueblos\",\"publisher\":{\"@id\":\"https:\/\/staging.ipa-aip.org\/es\/#organization\"},\"potentialAction\":[{\"@type\":\"SearchAction\",\"target\":{\"@type\":\"EntryPoint\",\"urlTemplate\":\"https:\/\/staging.ipa-aip.org\/es\/?s={search_term_string}\"},\"query-input\":{\"@type\":\"PropertyValueSpecification\",\"valueRequired\":true,\"valueName\":\"search_term_string\"}}],\"inLanguage\":\"es\"},{\"@type\":\"Organization\",\"@id\":\"https:\/\/staging.ipa-aip.org\/es\/#organization\",\"name\":\"International Peoples' Assembly\",\"url\":\"https:\/\/staging.ipa-aip.org\/es\/\",\"logo\":{\"@type\":\"ImageObject\",\"inLanguage\":\"es\",\"@id\":\"https:\/\/staging.ipa-aip.org\/es\/#\/schema\/logo\/image\/\",\"url\":\"https:\/\/ipa-aip.org\/wp-content\/uploads\/ipa-logo-en-1.svg\",\"contentUrl\":\"https:\/\/ipa-aip.org\/wp-content\/uploads\/ipa-logo-en-1.svg\",\"width\":512,\"height\":205,\"caption\":\"International Peoples' Assembly\"},\"image\":{\"@id\":\"https:\/\/staging.ipa-aip.org\/es\/#\/schema\/logo\/image\/\"},\"sameAs\":[\"https:\/\/www.facebook.com\/internationalpeoplesassembly\/\",\"https:\/\/x.com\/peoplesassembl_\",\"https:\/\/www.instagram.com\/peoples.assembly\/\",\"https:\/\/www.youtube.com\/channel\/UCLUhCDMAlvhtJcTxn2Q_UGw\",\"https:\/\/twitter.com\/asambleapueblos\",\"https:\/\/www.instagram.com\/asambleapueblos\/\"]}]}<\/script>\n<!-- \/ Yoast SEO plugin. -->","yoast_head_json":{"title":"Pol\u00edtica de privacidad - AIP","robots":{"index":"index","follow":"follow","max-snippet":"max-snippet:-1","max-image-preview":"max-image-preview:large","max-video-preview":"max-video-preview:-1"},"canonical":"https:\/\/ipa-aip.org\/es\/politica-de-privacidad\/","og_locale":"es_ES","og_type":"article","og_title":"Pol\u00edtica de privacidad - AIP","og_description":"Recogida de datos personales al visitar nuestro sitio web Al utilizar el sitio web con fines exclusivamente informativos, s\u00f3lo recogemos los datos personales que su navegador transmite a nuestro servidor. Si desea ver nuestro sitio web, recogemos los siguientes datos, que son t\u00e9cnicamente necesarios para que podamos mostrar nuestro sitio web y para garantizar la estabilidad y la seguridad: Direcci\u00f3n IP Fecha y hora de la solicitud Diferencia de huso horario con respecto al meridiano de Greenwich (GMT) Contenido de la solicitud (p\u00e1gina concreta) Estado de acceso\/C\u00f3digo de estado HTTP Cantidad de datos transferidos en cada caso Sitio web del ... Leer m\u00e1s","og_url":"https:\/\/ipa-aip.org\/es\/politica-de-privacidad\/","og_site_name":"AIP","article_publisher":"https:\/\/www.facebook.com\/internationalpeoplesassembly\/","article_modified_time":"2021-09-17T13:46:48+00:00","og_image":[{"width":1200,"height":630,"url":"https:\/\/ipa-aip.org\/wp-content\/uploads\/20210930-Todos-small.jpg","type":"image\/jpeg"}],"twitter_card":"summary_large_image","twitter_site":"@peoplesassembl_","twitter_misc":{"Tiempo de lectura":"5 minutos"},"schema":{"@context":"https:\/\/schema.org","@graph":[{"@type":"WebPage","@id":"https:\/\/ipa-aip.org\/es\/politica-de-privacidad\/","url":"https:\/\/ipa-aip.org\/es\/politica-de-privacidad\/","name":"Pol\u00edtica de privacidad - AIP","isPartOf":{"@id":"https:\/\/staging.ipa-aip.org\/es\/#website"},"datePublished":"2021-09-17T13:46:47+00:00","dateModified":"2021-09-17T13:46:48+00:00","breadcrumb":{"@id":"https:\/\/ipa-aip.org\/es\/politica-de-privacidad\/#breadcrumb"},"inLanguage":"es","potentialAction":[{"@type":"ReadAction","target":["https:\/\/ipa-aip.org\/es\/politica-de-privacidad\/"]}]},{"@type":"BreadcrumbList","@id":"https:\/\/ipa-aip.org\/es\/politica-de-privacidad\/#breadcrumb","itemListElement":[{"@type":"ListItem","position":1,"name":"Home","item":"https:\/\/ipa-aip.org\/es\/"},{"@type":"ListItem","position":2,"name":"Pol\u00edtica de privacidad"}]},{"@type":"WebSite","@id":"https:\/\/staging.ipa-aip.org\/es\/#website","url":"https:\/\/staging.ipa-aip.org\/es\/","name":"IPA","description":"Internacionalismo de los Pueblos","publisher":{"@id":"https:\/\/staging.ipa-aip.org\/es\/#organization"},"potentialAction":[{"@type":"SearchAction","target":{"@type":"EntryPoint","urlTemplate":"https:\/\/staging.ipa-aip.org\/es\/?s={search_term_string}"},"query-input":{"@type":"PropertyValueSpecification","valueRequired":true,"valueName":"search_term_string"}}],"inLanguage":"es"},{"@type":"Organization","@id":"https:\/\/staging.ipa-aip.org\/es\/#organization","name":"International Peoples' Assembly","url":"https:\/\/staging.ipa-aip.org\/es\/","logo":{"@type":"ImageObject","inLanguage":"es","@id":"https:\/\/staging.ipa-aip.org\/es\/#\/schema\/logo\/image\/","url":"https:\/\/ipa-aip.org\/wp-content\/uploads\/ipa-logo-en-1.svg","contentUrl":"https:\/\/ipa-aip.org\/wp-content\/uploads\/ipa-logo-en-1.svg","width":512,"height":205,"caption":"International Peoples' Assembly"},"image":{"@id":"https:\/\/staging.ipa-aip.org\/es\/#\/schema\/logo\/image\/"},"sameAs":["https:\/\/www.facebook.com\/internationalpeoplesassembly\/","https:\/\/x.com\/peoplesassembl_","https:\/\/www.instagram.com\/peoples.assembly\/","https:\/\/www.youtube.com\/channel\/UCLUhCDMAlvhtJcTxn2Q_UGw","https:\/\/twitter.com\/asambleapueblos","https:\/\/www.instagram.com\/asambleapueblos\/"]}]}},"_links":{"self":[{"href":"https:\/\/ipa-aip.org\/es\/wp-json\/wp\/v2\/pages\/520","targetHints":{"allow":["GET"]}}],"collection":[{"href":"https:\/\/ipa-aip.org\/es\/wp-json\/wp\/v2\/pages"}],"about":[{"href":"https:\/\/ipa-aip.org\/es\/wp-json\/wp\/v2\/types\/page"}],"author":[{"embeddable":true,"href":"https:\/\/ipa-aip.org\/es\/wp-json\/wp\/v2\/users\/2"}],"replies":[{"embeddable":true,"href":"https:\/\/ipa-aip.org\/es\/wp-json\/wp\/v2\/comments?post=520"}],"version-history":[{"count":0,"href":"https:\/\/ipa-aip.org\/es\/wp-json\/wp\/v2\/pages\/520\/revisions"}],"wp:attachment":[{"href":"https:\/\/ipa-aip.org\/es\/wp-json\/wp\/v2\/media?parent=520"}],"curies":[{"name":"wp","href":"https:\/\/api.w.org\/{rel}","templated":true}]}}