{"id":31,"date":"2021-10-04T07:54:00","date_gmt":"2021-10-04T07:54:00","guid":{"rendered":"https:\/\/ipa-aip.org\/?page_id=31"},"modified":"2024-03-26T01:02:47","modified_gmt":"2024-03-26T01:02:47","slug":"que-es-la-aip","status":"publish","type":"page","link":"https:\/\/ipa-aip.org\/es\/","title":{"rendered":"Internacionalismo de los pueblos"},"content":{"rendered":"<div class=\"gb-container gb-container-dc10297e relative-container cat-hero\"><div class=\"gb-inside-container\">\n\n<h1 class=\"gb-headline gb-headline-f640f6b1 gb-headline-text\">Internacionalismo de los pueblos<\/h1>\n\n\n\n<p class=\"has-text-align-center\">Nacido de las luchas de la clase trabajadora, somos un proceso internacional din\u00e1mico que desarrolla estrategias compartidas para la liberaci\u00f3n de la humanidad y del planeta.<\/p>\n\n\n\n<a class=\"scroll-arrow smooth-scroll\" href=\"#homecontent\">Scroll down<span><\/span><\/a><script>\nvar catHero = document.querySelector(\".cat-hero\");\nvar headerHeight = document.querySelector(\".site-header\").offsetHeight;\ncatHero.style.minHeight = \"calc(100vh - \" +   headerHeight + \"px)\";\n<\/script>\n\n<\/div><\/div>\n\n<div class=\"gb-container gb-container-7b3ba5aa\" id=\"homecontent\"><div class=\"gb-inside-container\">\n<div class=\"gb-grid-wrapper gb-grid-wrapper-a5cbaed9\">\n<div class=\"gb-grid-column gb-grid-column-902c56b8\"><div class=\"gb-container gb-container-902c56b8\"><div class=\"gb-inside-container\">\n\n<h2 class=\"gb-headline gb-headline-906bf6c5 gb-headline-text\">Unidad en movimiento<\/h2>\n\n\n\n<p>La AIP es un proceso internacionalista que construye unidad alrededor del anticapitalismo, el antiimperialismo, la ecolog\u00eda, el feminismo y el antirracismo.<\/p>\n\n\n<div class=\"gb-button-wrapper gb-button-wrapper-515c5693\">\n\n<a class=\"gb-button gb-button-d24f040c\" href=\"https:\/\/ipa-aip.org\/es\/que-proponemos\/\"><span class=\"gb-icon\"><svg aria-hidden=\"true\" role=\"img\" height=\"1em\" width=\"1em\" viewBox=\"0 0 256 512\" xmlns=\"http:\/\/www.w3.org\/2000\/svg\"><path fill=\"currentColor\" d=\"M224.3 273l-136 136c-9.4 9.4-24.6 9.4-33.9 0l-22.6-22.6c-9.4-9.4-9.4-24.6 0-33.9l96.4-96.4-96.4-96.4c-9.4-9.4-9.4-24.6 0-33.9L54.3 103c9.4-9.4 24.6-9.4 33.9 0l136 136c9.5 9.4 9.5 24.6.1 34z\"><\/path><\/svg><\/span><span class=\"gb-button-text\"><strong>Lea nuestra plataforma pol\u00edtica<\/strong><\/span><\/a>\n\n<\/div>\n<\/div><\/div><\/div>\n\n<div class=\"gb-grid-column gb-grid-column-557d5d8d\"><div class=\"gb-container gb-container-557d5d8d\"><div class=\"gb-inside-container\">\n\n<figure class=\"wp-block-image size-full\"><img decoding=\"async\" width=\"782\" height=\"521\" data-src=\"https:\/\/ipa-aip.org\/wp-content\/uploads\/ipa-home-1.png\" alt=\"\" class=\"wp-image-1318 lazyload\" data-srcset=\"https:\/\/ipa-aip.org\/wp-content\/uploads\/ipa-home-1.png 782w, https:\/\/ipa-aip.org\/wp-content\/uploads\/ipa-home-1-300x200.png 300w, https:\/\/ipa-aip.org\/wp-content\/uploads\/ipa-home-1-768x512.png 768w\" data-sizes=\"(max-width: 782px) 100vw, 782px\" src=\"data:image\/svg+xml;base64,PHN2ZyB3aWR0aD0iMSIgaGVpZ2h0PSIxIiB4bWxucz0iaHR0cDovL3d3dy53My5vcmcvMjAwMC9zdmciPjwvc3ZnPg==\" style=\"--smush-placeholder-width: 782px; --smush-placeholder-aspect-ratio: 782\/521;\" \/><\/figure>\n\n<\/div><\/div><\/div>\n\n<div class=\"gb-grid-column gb-grid-column-8662c1ba\"><div class=\"gb-container gb-container-8662c1ba\"><div class=\"gb-inside-container\">\n\n<figure class=\"wp-block-image size-full\"><img decoding=\"async\" width=\"782\" height=\"521\" data-src=\"https:\/\/ipa-aip.org\/wp-content\/uploads\/ipa-home-2.png\" alt=\"\" class=\"wp-image-1321 lazyload\" data-srcset=\"https:\/\/ipa-aip.org\/wp-content\/uploads\/ipa-home-2.png 782w, https:\/\/ipa-aip.org\/wp-content\/uploads\/ipa-home-2-300x200.png 300w, https:\/\/ipa-aip.org\/wp-content\/uploads\/ipa-home-2-768x512.png 768w\" data-sizes=\"(max-width: 782px) 100vw, 782px\" src=\"data:image\/svg+xml;base64,PHN2ZyB3aWR0aD0iMSIgaGVpZ2h0PSIxIiB4bWxucz0iaHR0cDovL3d3dy53My5vcmcvMjAwMC9zdmciPjwvc3ZnPg==\" style=\"--smush-placeholder-width: 782px; --smush-placeholder-aspect-ratio: 782\/521;\" \/><\/figure>\n\n<\/div><\/div><\/div>\n\n<div class=\"gb-grid-column gb-grid-column-de7a4035\"><div class=\"gb-container gb-container-de7a4035\"><div class=\"gb-inside-container\">\n\n<h2 class=\"gb-headline gb-headline-684a098f gb-headline-text\">El futuro pertenece a los pueblos<\/h2>\n\n\n\n<p>Creemos en la fuerza de la solidaridad de la clase trabajadora y en el internacionalismo. Juntos, nuestro poder puede transformar la sociedad.<\/p>\n\n\n<div class=\"gb-button-wrapper gb-button-wrapper-583d3022\">\n\n<a class=\"gb-button gb-button-cdeaaf97\" href=\"https:\/\/ipa-aip.org\/es\/declaraciones-y-actualizaciones\/\"><span class=\"gb-icon\"><svg aria-hidden=\"true\" role=\"img\" height=\"1em\" width=\"1em\" viewBox=\"0 0 256 512\" xmlns=\"http:\/\/www.w3.org\/2000\/svg\"><path fill=\"currentColor\" d=\"M224.3 273l-136 136c-9.4 9.4-24.6 9.4-33.9 0l-22.6-22.6c-9.4-9.4-9.4-24.6 0-33.9l96.4-96.4-96.4-96.4c-9.4-9.4-9.4-24.6 0-33.9L54.3 103c9.4-9.4 24.6-9.4 33.9 0l136 136c9.5 9.4 9.5 24.6.1 34z\"><\/path><\/svg><\/span><span class=\"gb-button-text\"><strong>V\u00e9anos en acci\u00f3n<\/strong><\/span><\/a>\n\n<\/div>\n<\/div><\/div><\/div>\n\n<div class=\"gb-grid-column gb-grid-column-802b141b\"><div class=\"gb-container gb-container-802b141b\"><div class=\"gb-inside-container\">\n\n<h2 class=\"gb-headline gb-headline-c12344de gb-headline-text\">Nuestra fuerza<\/h2>\n\n\n\n<p>M\u00e1s de 200 organizaciones, movimientos y partidos de izquierda se han unido para encontrar un terreno com\u00fan a trav\u00e9s de la acci\u00f3n colectiva. Juntos nos movilizamos, hacemos formaci\u00f3n pol\u00edtica, generamos investigaci\u00f3n, creamos medios de comunicaci\u00f3n y luchamos en la batalla de las ideas.<\/p>\n\n\n<div class=\"gb-button-wrapper gb-button-wrapper-74ab35e7\">\n\n<a class=\"gb-button gb-button-6f33777f\" href=\"https:\/\/ipa-aip.org\/es\/who-we-are\/\"><span class=\"gb-icon\"><svg aria-hidden=\"true\" role=\"img\" height=\"1em\" width=\"1em\" viewBox=\"0 0 256 512\" xmlns=\"http:\/\/www.w3.org\/2000\/svg\"><path fill=\"currentColor\" d=\"M224.3 273l-136 136c-9.4 9.4-24.6 9.4-33.9 0l-22.6-22.6c-9.4-9.4-9.4-24.6 0-33.9l96.4-96.4-96.4-96.4c-9.4-9.4-9.4-24.6 0-33.9L54.3 103c9.4-9.4 24.6-9.4 33.9 0l136 136c9.5 9.4 9.5 24.6.1 34z\"><\/path><\/svg><\/span><span class=\"gb-button-text\"><strong>Conozca las organizaciones que participan en nuestro proceso<\/strong><\/span><\/a>\n\n<\/div>\n<\/div><\/div><\/div>\n\n<div class=\"gb-grid-column gb-grid-column-057da068\"><div class=\"gb-container gb-container-057da068\"><div class=\"gb-inside-container\">\n\n<figure class=\"wp-block-image size-full\"><img decoding=\"async\" width=\"782\" height=\"521\" data-src=\"https:\/\/ipa-aip.org\/wp-content\/uploads\/ipa-home-3.png\" alt=\"\" class=\"wp-image-1324 lazyload\" data-srcset=\"https:\/\/ipa-aip.org\/wp-content\/uploads\/ipa-home-3.png 782w, https:\/\/ipa-aip.org\/wp-content\/uploads\/ipa-home-3-300x200.png 300w, https:\/\/ipa-aip.org\/wp-content\/uploads\/ipa-home-3-768x512.png 768w\" data-sizes=\"(max-width: 782px) 100vw, 782px\" src=\"data:image\/svg+xml;base64,PHN2ZyB3aWR0aD0iMSIgaGVpZ2h0PSIxIiB4bWxucz0iaHR0cDovL3d3dy53My5vcmcvMjAwMC9zdmciPjwvc3ZnPg==\" style=\"--smush-placeholder-width: 782px; --smush-placeholder-aspect-ratio: 782\/521;\" \/><\/figure>\n\n<\/div><\/div><\/div>\n<\/div>\n<\/div><\/div>\n\n\n<p><\/p>\n","protected":false},"excerpt":{"rendered":"<p>Internacionalismo de los pueblos Nacido de las luchas de la clase trabajadora, somos un proceso internacional din\u00e1mico que desarrolla estrategias compartidas para la liberaci\u00f3n de la humanidad y del planeta. Scroll down<\/p>\n","protected":false},"author":1,"featured_media":0,"parent":0,"menu_order":0,"comment_status":"closed","ping_status":"closed","template":"","meta":{"inline_featured_image":false,"footnotes":""},"class_list":["post-31","page","type-page","status-publish"],"yoast_head":"<!-- This site is optimized with the Yoast SEO plugin v26.7 - https:\/\/yoast.com\/wordpress\/plugins\/seo\/ -->\n<title>Asamblea internacional de los pueblos<\/title>\n<meta name=\"description\" content=\"Somos una articulaci\u00f3n de organizaciones populares, movimientos sociales, partidos pol\u00edticos y sindicatos. Somos los pueblos del mundo en lucha.\" \/>\n<meta name=\"robots\" content=\"index, follow, max-snippet:-1, max-image-preview:large, max-video-preview:-1\" \/>\n<link rel=\"canonical\" href=\"https:\/\/ipa-aip.org\/es\/\" \/>\n<meta property=\"og:locale\" content=\"es_ES\" \/>\n<meta property=\"og:type\" content=\"article\" \/>\n<meta property=\"og:title\" content=\"Asamblea internacional de los pueblos\" \/>\n<meta property=\"og:description\" content=\"Somos una articulaci\u00f3n de organizaciones populares, movimientos sociales, partidos pol\u00edticos y sindicatos. Somos los pueblos del mundo en lucha.\" \/>\n<meta property=\"og:url\" content=\"https:\/\/ipa-aip.org\/es\/\" \/>\n<meta property=\"og:site_name\" content=\"AIP\" \/>\n<meta property=\"article:publisher\" content=\"https:\/\/www.facebook.com\/internationalpeoplesassembly\/\" \/>\n<meta property=\"article:modified_time\" content=\"2024-03-26T01:02:47+00:00\" \/>\n<meta property=\"og:image\" content=\"https:\/\/ipa-aip.org\/wp-content\/uploads\/20210930-ES.jpg\" \/>\n\t<meta property=\"og:image:width\" content=\"1200\" \/>\n\t<meta property=\"og:image:height\" content=\"630\" \/>\n\t<meta property=\"og:image:type\" content=\"image\/jpeg\" \/>\n<meta name=\"twitter:card\" content=\"summary_large_image\" \/>\n<meta name=\"twitter:image\" content=\"https:\/\/ipa-aip.org\/wp-content\/uploads\/20210930-ES.jpg\" \/>\n<meta name=\"twitter:site\" content=\"@peoplesassembl_\" \/>\n<meta name=\"twitter:label1\" content=\"Tiempo de lectura\" \/>\n\t<meta name=\"twitter:data1\" content=\"2 minutos\" \/>\n<script type=\"application\/ld+json\" class=\"yoast-schema-graph\">{\"@context\":\"https:\/\/schema.org\",\"@graph\":[{\"@type\":\"WebPage\",\"@id\":\"https:\/\/ipa-aip.org\/es\/\",\"url\":\"https:\/\/ipa-aip.org\/es\/\",\"name\":\"Asamblea internacional de los pueblos\",\"isPartOf\":{\"@id\":\"https:\/\/staging.ipa-aip.org\/es\/#website\"},\"primaryImageOfPage\":{\"@id\":\"https:\/\/ipa-aip.org\/es\/#primaryimage\"},\"image\":{\"@id\":\"https:\/\/ipa-aip.org\/es\/#primaryimage\"},\"thumbnailUrl\":\"https:\/\/ipa-aip.org\/wp-content\/uploads\/ipa-home-1.png\",\"datePublished\":\"2021-10-04T07:54:00+00:00\",\"dateModified\":\"2024-03-26T01:02:47+00:00\",\"description\":\"Somos una articulaci\u00f3n de organizaciones populares, movimientos sociales, partidos pol\u00edticos y sindicatos. Somos los pueblos del mundo en lucha.\",\"breadcrumb\":{\"@id\":\"https:\/\/ipa-aip.org\/es\/#breadcrumb\"},\"inLanguage\":\"es\",\"potentialAction\":[{\"@type\":\"ReadAction\",\"target\":[\"https:\/\/ipa-aip.org\/es\/\"]}]},{\"@type\":\"ImageObject\",\"inLanguage\":\"es\",\"@id\":\"https:\/\/ipa-aip.org\/es\/#primaryimage\",\"url\":\"https:\/\/ipa-aip.org\/wp-content\/uploads\/ipa-home-1.png\",\"contentUrl\":\"https:\/\/ipa-aip.org\/wp-content\/uploads\/ipa-home-1.png\"},{\"@type\":\"BreadcrumbList\",\"@id\":\"https:\/\/ipa-aip.org\/es\/#breadcrumb\",\"itemListElement\":[{\"@type\":\"ListItem\",\"position\":1,\"name\":\"Home\",\"item\":\"https:\/\/ipa-aip.org\/es\/\"},{\"@type\":\"ListItem\",\"position\":2,\"name\":\"Internacionalismo de los pueblos\"}]},{\"@type\":\"WebSite\",\"@id\":\"https:\/\/staging.ipa-aip.org\/es\/#website\",\"url\":\"https:\/\/staging.ipa-aip.org\/es\/\",\"name\":\"IPA\",\"description\":\"Internacionalismo de los Pueblos\",\"publisher\":{\"@id\":\"https:\/\/staging.ipa-aip.org\/es\/#organization\"},\"potentialAction\":[{\"@type\":\"SearchAction\",\"target\":{\"@type\":\"EntryPoint\",\"urlTemplate\":\"https:\/\/staging.ipa-aip.org\/es\/?s={search_term_string}\"},\"query-input\":{\"@type\":\"PropertyValueSpecification\",\"valueRequired\":true,\"valueName\":\"search_term_string\"}}],\"inLanguage\":\"es\"},{\"@type\":\"Organization\",\"@id\":\"https:\/\/staging.ipa-aip.org\/es\/#organization\",\"name\":\"International Peoples' Assembly\",\"url\":\"https:\/\/staging.ipa-aip.org\/es\/\",\"logo\":{\"@type\":\"ImageObject\",\"inLanguage\":\"es\",\"@id\":\"https:\/\/staging.ipa-aip.org\/es\/#\/schema\/logo\/image\/\",\"url\":\"https:\/\/ipa-aip.org\/wp-content\/uploads\/ipa-logo-en-1.svg\",\"contentUrl\":\"https:\/\/ipa-aip.org\/wp-content\/uploads\/ipa-logo-en-1.svg\",\"width\":512,\"height\":205,\"caption\":\"International Peoples' Assembly\"},\"image\":{\"@id\":\"https:\/\/staging.ipa-aip.org\/es\/#\/schema\/logo\/image\/\"},\"sameAs\":[\"https:\/\/www.facebook.com\/internationalpeoplesassembly\/\",\"https:\/\/x.com\/peoplesassembl_\",\"https:\/\/www.instagram.com\/peoples.assembly\/\",\"https:\/\/www.youtube.com\/channel\/UCLUhCDMAlvhtJcTxn2Q_UGw\",\"https:\/\/twitter.com\/asambleapueblos\",\"https:\/\/www.instagram.com\/asambleapueblos\/\"]}]}<\/script>\n<!-- \/ Yoast SEO plugin. -->","yoast_head_json":{"title":"Asamblea internacional de los pueblos","description":"Somos una articulaci\u00f3n de organizaciones populares, movimientos sociales, partidos pol\u00edticos y sindicatos. Somos los pueblos del mundo en lucha.","robots":{"index":"index","follow":"follow","max-snippet":"max-snippet:-1","max-image-preview":"max-image-preview:large","max-video-preview":"max-video-preview:-1"},"canonical":"https:\/\/ipa-aip.org\/es\/","og_locale":"es_ES","og_type":"article","og_title":"Asamblea internacional de los pueblos","og_description":"Somos una articulaci\u00f3n de organizaciones populares, movimientos sociales, partidos pol\u00edticos y sindicatos. Somos los pueblos del mundo en lucha.","og_url":"https:\/\/ipa-aip.org\/es\/","og_site_name":"AIP","article_publisher":"https:\/\/www.facebook.com\/internationalpeoplesassembly\/","article_modified_time":"2024-03-26T01:02:47+00:00","og_image":[{"width":1200,"height":630,"url":"https:\/\/ipa-aip.org\/wp-content\/uploads\/20210930-ES.jpg","type":"image\/jpeg"}],"twitter_card":"summary_large_image","twitter_image":"https:\/\/ipa-aip.org\/wp-content\/uploads\/20210930-ES.jpg","twitter_site":"@peoplesassembl_","twitter_misc":{"Tiempo de lectura":"2 minutos"},"schema":{"@context":"https:\/\/schema.org","@graph":[{"@type":"WebPage","@id":"https:\/\/ipa-aip.org\/es\/","url":"https:\/\/ipa-aip.org\/es\/","name":"Asamblea internacional de los pueblos","isPartOf":{"@id":"https:\/\/staging.ipa-aip.org\/es\/#website"},"primaryImageOfPage":{"@id":"https:\/\/ipa-aip.org\/es\/#primaryimage"},"image":{"@id":"https:\/\/ipa-aip.org\/es\/#primaryimage"},"thumbnailUrl":"https:\/\/ipa-aip.org\/wp-content\/uploads\/ipa-home-1.png","datePublished":"2021-10-04T07:54:00+00:00","dateModified":"2024-03-26T01:02:47+00:00","description":"Somos una articulaci\u00f3n de organizaciones populares, movimientos sociales, partidos pol\u00edticos y sindicatos. Somos los pueblos del mundo en lucha.","breadcrumb":{"@id":"https:\/\/ipa-aip.org\/es\/#breadcrumb"},"inLanguage":"es","potentialAction":[{"@type":"ReadAction","target":["https:\/\/ipa-aip.org\/es\/"]}]},{"@type":"ImageObject","inLanguage":"es","@id":"https:\/\/ipa-aip.org\/es\/#primaryimage","url":"https:\/\/ipa-aip.org\/wp-content\/uploads\/ipa-home-1.png","contentUrl":"https:\/\/ipa-aip.org\/wp-content\/uploads\/ipa-home-1.png"},{"@type":"BreadcrumbList","@id":"https:\/\/ipa-aip.org\/es\/#breadcrumb","itemListElement":[{"@type":"ListItem","position":1,"name":"Home","item":"https:\/\/ipa-aip.org\/es\/"},{"@type":"ListItem","position":2,"name":"Internacionalismo de los pueblos"}]},{"@type":"WebSite","@id":"https:\/\/staging.ipa-aip.org\/es\/#website","url":"https:\/\/staging.ipa-aip.org\/es\/","name":"IPA","description":"Internacionalismo de los Pueblos","publisher":{"@id":"https:\/\/staging.ipa-aip.org\/es\/#organization"},"potentialAction":[{"@type":"SearchAction","target":{"@type":"EntryPoint","urlTemplate":"https:\/\/staging.ipa-aip.org\/es\/?s={search_term_string}"},"query-input":{"@type":"PropertyValueSpecification","valueRequired":true,"valueName":"search_term_string"}}],"inLanguage":"es"},{"@type":"Organization","@id":"https:\/\/staging.ipa-aip.org\/es\/#organization","name":"International Peoples' Assembly","url":"https:\/\/staging.ipa-aip.org\/es\/","logo":{"@type":"ImageObject","inLanguage":"es","@id":"https:\/\/staging.ipa-aip.org\/es\/#\/schema\/logo\/image\/","url":"https:\/\/ipa-aip.org\/wp-content\/uploads\/ipa-logo-en-1.svg","contentUrl":"https:\/\/ipa-aip.org\/wp-content\/uploads\/ipa-logo-en-1.svg","width":512,"height":205,"caption":"International Peoples' Assembly"},"image":{"@id":"https:\/\/staging.ipa-aip.org\/es\/#\/schema\/logo\/image\/"},"sameAs":["https:\/\/www.facebook.com\/internationalpeoplesassembly\/","https:\/\/x.com\/peoplesassembl_","https:\/\/www.instagram.com\/peoples.assembly\/","https:\/\/www.youtube.com\/channel\/UCLUhCDMAlvhtJcTxn2Q_UGw","https:\/\/twitter.com\/asambleapueblos","https:\/\/www.instagram.com\/asambleapueblos\/"]}]}},"_links":{"self":[{"href":"https:\/\/ipa-aip.org\/es\/wp-json\/wp\/v2\/pages\/31","targetHints":{"allow":["GET"]}}],"collection":[{"href":"https:\/\/ipa-aip.org\/es\/wp-json\/wp\/v2\/pages"}],"about":[{"href":"https:\/\/ipa-aip.org\/es\/wp-json\/wp\/v2\/types\/page"}],"author":[{"embeddable":true,"href":"https:\/\/ipa-aip.org\/es\/wp-json\/wp\/v2\/users\/1"}],"replies":[{"embeddable":true,"href":"https:\/\/ipa-aip.org\/es\/wp-json\/wp\/v2\/comments?post=31"}],"version-history":[{"count":10,"href":"https:\/\/ipa-aip.org\/es\/wp-json\/wp\/v2\/pages\/31\/revisions"}],"predecessor-version":[{"id":4947,"href":"https:\/\/ipa-aip.org\/es\/wp-json\/wp\/v2\/pages\/31\/revisions\/4947"}],"wp:attachment":[{"href":"https:\/\/ipa-aip.org\/es\/wp-json\/wp\/v2\/media?parent=31"}],"curies":[{"name":"wp","href":"https:\/\/api.w.org\/{rel}","templated":true}]}}